{"id":22,"date":"2020-01-30T17:05:46","date_gmt":"2020-01-30T11:05:46","guid":{"rendered":"http:\/\/10.10.12.242\/agroindustria\/?post_type=product&#038;p=22"},"modified":"2023-07-13T03:53:29","modified_gmt":"2023-07-12T21:53:29","slug":"tanques-horizontales","status":"publish","type":"product","link":"https:\/\/rotoplas.com.ar\/agroindustria\/producto\/tanques-horizontales\/","title":{"rendered":"Tanques horizontales"},"content":{"rendered":"<div class=\"p-3\" style=\"width: 100%; max-width: 900px; min-width: 350px; margin: auto;\">\n<h3 class=\"light blue5\">Capacidad y resistencia a gran escala<\/h3>\n<p>El Tanque Horizontal Rotoplas puede almacenar fertilizantes, combustibles y m\u00e1s de 300 sustancias qu\u00edmicas. Estos tanques pipa son fabricados en polietileno est\u00e1ndar, reforzado y doble reforzado de una sola pieza y cuentan con capacidades de 500, 2000, 3000 y 5000 litros.<\/p>\n<p>Los Tanques Horizontales se pueden adaptar f\u00e1cilmente a un remolque, son resistentes, ligeros y con un sistema rompeolas ideal para mantener estabilidad del veh\u00edculo que lo remolca.<\/p>\n<\/div>\n","protected":false},"excerpt":{"rendered":"<ul>\n<li>Almacena fertilizantes, combustibles y m\u00e1s de 300 sustancias qu\u00edmicas.<\/li>\n<li>Fabricados en polietileno est\u00e1ndar de una sola pieza.<\/li>\n<li>Cuentan con un sistema de rompeolas y mantienen la estabilidad del veh\u00edculo.<\/li>\n<li>Capacidades que van de los 500 L a los 5000 L.<\/li>\n<li>Ligeras y f\u00e1ciles de transportar.<\/li>\n<\/ul>\n<div><!--<a id=\"cotizacion-horizontales\" class=\"hvr-float\">Cotizar el m\u00edo<\/a>--><br \/>\n<a class=\"rtp-btn\" data-fancybox=\"\" data-src=\"#form-wrapper\">Cotizar el m\u00edo<\/a><\/div>\n<hr \/>\n<p>Descargables<\/p>\n<p><a id=\"003\" class=\"rtp-btn-grey\"><\/a>Manual \u00a0\u00a0 <a id=\"004\" class=\"rtp-btn-grey\"><\/a>Ficha t\u00e9cnica<\/p>\n<hr \/>\n","protected":false},"featured_media":696,"template":"","meta":[],"product_brand":[],"product_cat":[17],"product_tag":[],"class_list":{"0":"post-22","1":"product","2":"type-product","3":"status-publish","4":"has-post-thumbnail","6":"product_cat-almacenamiento","8":"first","9":"instock","10":"shipping-taxable","11":"product-type-simple"},"yoast_head":"<!-- This site is optimized with the Yoast SEO plugin v27.2 - https:\/\/yoast.com\/product\/yoast-seo-wordpress\/ -->\n<title>Tanques horizontales - Rotoplas Agroindustria<\/title>\n<meta name=\"description\" content=\"Tanque de agua Horizontal Rotoplas: almacenamiento de fertilizantes, combustibles y m\u00e1s de 300 sustancias qu\u00edmicas. Resistente y ligero. Conoce m\u00e1s.\" \/>\n<meta name=\"robots\" content=\"index, follow, max-snippet:-1, max-image-preview:large, max-video-preview:-1\" \/>\n<link rel=\"canonical\" href=\"https:\/\/rotoplas.com.ar\/agroindustria\/producto\/tanques-horizontales\/\" \/>\n<meta property=\"og:locale\" content=\"es_ES\" \/>\n<meta property=\"og:type\" content=\"article\" \/>\n<meta property=\"og:title\" content=\"Tanques horizontales - Rotoplas Agroindustria\" \/>\n<meta property=\"og:description\" content=\"Tanque de agua Horizontal Rotoplas: almacenamiento de fertilizantes, combustibles y m\u00e1s de 300 sustancias qu\u00edmicas. Resistente y ligero. Conoce m\u00e1s.\" \/>\n<meta property=\"og:url\" content=\"https:\/\/rotoplas.com.ar\/agroindustria\/producto\/tanques-horizontales\/\" \/>\n<meta property=\"og:site_name\" content=\"Rotoplas Agroindustria\" \/>\n<meta property=\"article:modified_time\" content=\"2023-07-12T21:53:29+00:00\" \/>\n<meta property=\"og:image\" content=\"https:\/\/rotoplas.com.ar\/agroindustria\/wp-content\/uploads\/2020\/05\/tanque-h-fam.png\" \/>\n\t<meta property=\"og:image:width\" content=\"600\" \/>\n\t<meta property=\"og:image:height\" content=\"600\" \/>\n\t<meta property=\"og:image:type\" content=\"image\/png\" \/>\n<meta name=\"twitter:card\" content=\"summary_large_image\" \/>\n<meta name=\"twitter:label1\" content=\"Tiempo de lectura\" \/>\n\t<meta name=\"twitter:data1\" content=\"1 minuto\" \/>\n<script type=\"application\/ld+json\" class=\"yoast-schema-graph\">{\"@context\":\"https:\/\/schema.org\",\"@graph\":[{\"@type\":\"WebPage\",\"@id\":\"https:\/\/rotoplas.com.ar\/agroindustria\/producto\/tanques-horizontales\/\",\"url\":\"https:\/\/rotoplas.com.ar\/agroindustria\/producto\/tanques-horizontales\/\",\"name\":\"Tanques horizontales - Rotoplas Agroindustria\",\"isPartOf\":{\"@id\":\"https:\/\/rotoplas.com.ar\/agroindustria\/#website\"},\"primaryImageOfPage\":{\"@id\":\"https:\/\/rotoplas.com.ar\/agroindustria\/producto\/tanques-horizontales\/#primaryimage\"},\"image\":{\"@id\":\"https:\/\/rotoplas.com.ar\/agroindustria\/producto\/tanques-horizontales\/#primaryimage\"},\"thumbnailUrl\":\"https:\/\/rotoplas.com.ar\/agroindustria\/wp-content\/uploads\/2020\/05\/tanque-h-fam.png\",\"datePublished\":\"2020-01-30T11:05:46+00:00\",\"dateModified\":\"2023-07-12T21:53:29+00:00\",\"description\":\"Tanque de agua Horizontal Rotoplas: almacenamiento de fertilizantes, combustibles y m\u00e1s de 300 sustancias qu\u00edmicas. Resistente y ligero. Conoce m\u00e1s.\",\"breadcrumb\":{\"@id\":\"https:\/\/rotoplas.com.ar\/agroindustria\/producto\/tanques-horizontales\/#breadcrumb\"},\"inLanguage\":\"es\",\"potentialAction\":[{\"@type\":\"ReadAction\",\"target\":[\"https:\/\/rotoplas.com.ar\/agroindustria\/producto\/tanques-horizontales\/\"]}]},{\"@type\":\"ImageObject\",\"inLanguage\":\"es\",\"@id\":\"https:\/\/rotoplas.com.ar\/agroindustria\/producto\/tanques-horizontales\/#primaryimage\",\"url\":\"https:\/\/rotoplas.com.ar\/agroindustria\/wp-content\/uploads\/2020\/05\/tanque-h-fam.png\",\"contentUrl\":\"https:\/\/rotoplas.com.ar\/agroindustria\/wp-content\/uploads\/2020\/05\/tanque-h-fam.png\",\"width\":600,\"height\":600,\"caption\":\"tanques horizontales rotoplas\"},{\"@type\":\"BreadcrumbList\",\"@id\":\"https:\/\/rotoplas.com.ar\/agroindustria\/producto\/tanques-horizontales\/#breadcrumb\",\"itemListElement\":[{\"@type\":\"ListItem\",\"position\":1,\"name\":\"Portada\",\"item\":\"https:\/\/rotoplas.com.ar\/agroindustria\/\"},{\"@type\":\"ListItem\",\"position\":2,\"name\":\"Tienda\",\"item\":\"https:\/\/rotoplas.com.ar\/agroindustria\/tienda\/\"},{\"@type\":\"ListItem\",\"position\":3,\"name\":\"Tanques horizontales\"}]},{\"@type\":\"WebSite\",\"@id\":\"https:\/\/rotoplas.com.ar\/agroindustria\/#website\",\"url\":\"https:\/\/rotoplas.com.ar\/agroindustria\/\",\"name\":\"Rotoplas Agroindustria\",\"description\":\"Expertos en soluciones de almacenamiento de fluidos para la Agroindustria\",\"publisher\":{\"@id\":\"https:\/\/rotoplas.com.ar\/agroindustria\/#organization\"},\"potentialAction\":[{\"@type\":\"SearchAction\",\"target\":{\"@type\":\"EntryPoint\",\"urlTemplate\":\"https:\/\/rotoplas.com.ar\/agroindustria\/?s={search_term_string}\"},\"query-input\":{\"@type\":\"PropertyValueSpecification\",\"valueRequired\":true,\"valueName\":\"search_term_string\"}}],\"inLanguage\":\"es\"},{\"@type\":\"Organization\",\"@id\":\"https:\/\/rotoplas.com.ar\/agroindustria\/#organization\",\"name\":\"Rotoplas\",\"url\":\"https:\/\/rotoplas.com.ar\/agroindustria\/\",\"logo\":{\"@type\":\"ImageObject\",\"inLanguage\":\"es\",\"@id\":\"https:\/\/rotoplas.com.ar\/agroindustria\/#\/schema\/logo\/image\/\",\"url\":\"http:\/\/10.10.12.242\/agroindustria\/wp-content\/uploads\/2021\/04\/00-Los_mejores_tanques_segun_tus_necesidades-1.jpg\",\"contentUrl\":\"http:\/\/10.10.12.242\/agroindustria\/wp-content\/uploads\/2021\/04\/00-Los_mejores_tanques_segun_tus_necesidades-1.jpg\",\"width\":1200,\"height\":700,\"caption\":\"Rotoplas\"},\"image\":{\"@id\":\"https:\/\/rotoplas.com.ar\/agroindustria\/#\/schema\/logo\/image\/\"}}]}<\/script>\n<!-- \/ Yoast SEO plugin. -->","yoast_head_json":{"title":"Tanques horizontales - Rotoplas Agroindustria","description":"Tanque de agua Horizontal Rotoplas: almacenamiento de fertilizantes, combustibles y m\u00e1s de 300 sustancias qu\u00edmicas. Resistente y ligero. Conoce m\u00e1s.","robots":{"index":"index","follow":"follow","max-snippet":"max-snippet:-1","max-image-preview":"max-image-preview:large","max-video-preview":"max-video-preview:-1"},"canonical":"https:\/\/rotoplas.com.ar\/agroindustria\/producto\/tanques-horizontales\/","og_locale":"es_ES","og_type":"article","og_title":"Tanques horizontales - Rotoplas Agroindustria","og_description":"Tanque de agua Horizontal Rotoplas: almacenamiento de fertilizantes, combustibles y m\u00e1s de 300 sustancias qu\u00edmicas. Resistente y ligero. Conoce m\u00e1s.","og_url":"https:\/\/rotoplas.com.ar\/agroindustria\/producto\/tanques-horizontales\/","og_site_name":"Rotoplas Agroindustria","article_modified_time":"2023-07-12T21:53:29+00:00","og_image":[{"width":600,"height":600,"url":"https:\/\/rotoplas.com.ar\/agroindustria\/wp-content\/uploads\/2020\/05\/tanque-h-fam.png","type":"image\/png"}],"twitter_card":"summary_large_image","twitter_misc":{"Tiempo de lectura":"1 minuto"},"schema":{"@context":"https:\/\/schema.org","@graph":[{"@type":"WebPage","@id":"https:\/\/rotoplas.com.ar\/agroindustria\/producto\/tanques-horizontales\/","url":"https:\/\/rotoplas.com.ar\/agroindustria\/producto\/tanques-horizontales\/","name":"Tanques horizontales - Rotoplas Agroindustria","isPartOf":{"@id":"https:\/\/rotoplas.com.ar\/agroindustria\/#website"},"primaryImageOfPage":{"@id":"https:\/\/rotoplas.com.ar\/agroindustria\/producto\/tanques-horizontales\/#primaryimage"},"image":{"@id":"https:\/\/rotoplas.com.ar\/agroindustria\/producto\/tanques-horizontales\/#primaryimage"},"thumbnailUrl":"https:\/\/rotoplas.com.ar\/agroindustria\/wp-content\/uploads\/2020\/05\/tanque-h-fam.png","datePublished":"2020-01-30T11:05:46+00:00","dateModified":"2023-07-12T21:53:29+00:00","description":"Tanque de agua Horizontal Rotoplas: almacenamiento de fertilizantes, combustibles y m\u00e1s de 300 sustancias qu\u00edmicas. Resistente y ligero. Conoce m\u00e1s.","breadcrumb":{"@id":"https:\/\/rotoplas.com.ar\/agroindustria\/producto\/tanques-horizontales\/#breadcrumb"},"inLanguage":"es","potentialAction":[{"@type":"ReadAction","target":["https:\/\/rotoplas.com.ar\/agroindustria\/producto\/tanques-horizontales\/"]}]},{"@type":"ImageObject","inLanguage":"es","@id":"https:\/\/rotoplas.com.ar\/agroindustria\/producto\/tanques-horizontales\/#primaryimage","url":"https:\/\/rotoplas.com.ar\/agroindustria\/wp-content\/uploads\/2020\/05\/tanque-h-fam.png","contentUrl":"https:\/\/rotoplas.com.ar\/agroindustria\/wp-content\/uploads\/2020\/05\/tanque-h-fam.png","width":600,"height":600,"caption":"tanques horizontales rotoplas"},{"@type":"BreadcrumbList","@id":"https:\/\/rotoplas.com.ar\/agroindustria\/producto\/tanques-horizontales\/#breadcrumb","itemListElement":[{"@type":"ListItem","position":1,"name":"Portada","item":"https:\/\/rotoplas.com.ar\/agroindustria\/"},{"@type":"ListItem","position":2,"name":"Tienda","item":"https:\/\/rotoplas.com.ar\/agroindustria\/tienda\/"},{"@type":"ListItem","position":3,"name":"Tanques horizontales"}]},{"@type":"WebSite","@id":"https:\/\/rotoplas.com.ar\/agroindustria\/#website","url":"https:\/\/rotoplas.com.ar\/agroindustria\/","name":"Rotoplas Agroindustria","description":"Expertos en soluciones de almacenamiento de fluidos para la Agroindustria","publisher":{"@id":"https:\/\/rotoplas.com.ar\/agroindustria\/#organization"},"potentialAction":[{"@type":"SearchAction","target":{"@type":"EntryPoint","urlTemplate":"https:\/\/rotoplas.com.ar\/agroindustria\/?s={search_term_string}"},"query-input":{"@type":"PropertyValueSpecification","valueRequired":true,"valueName":"search_term_string"}}],"inLanguage":"es"},{"@type":"Organization","@id":"https:\/\/rotoplas.com.ar\/agroindustria\/#organization","name":"Rotoplas","url":"https:\/\/rotoplas.com.ar\/agroindustria\/","logo":{"@type":"ImageObject","inLanguage":"es","@id":"https:\/\/rotoplas.com.ar\/agroindustria\/#\/schema\/logo\/image\/","url":"http:\/\/10.10.12.242\/agroindustria\/wp-content\/uploads\/2021\/04\/00-Los_mejores_tanques_segun_tus_necesidades-1.jpg","contentUrl":"http:\/\/10.10.12.242\/agroindustria\/wp-content\/uploads\/2021\/04\/00-Los_mejores_tanques_segun_tus_necesidades-1.jpg","width":1200,"height":700,"caption":"Rotoplas"},"image":{"@id":"https:\/\/rotoplas.com.ar\/agroindustria\/#\/schema\/logo\/image\/"}}]}},"_links":{"self":[{"href":"https:\/\/rotoplas.com.ar\/agroindustria\/wp-json\/wp\/v2\/product\/22","targetHints":{"allow":["GET"]}}],"collection":[{"href":"https:\/\/rotoplas.com.ar\/agroindustria\/wp-json\/wp\/v2\/product"}],"about":[{"href":"https:\/\/rotoplas.com.ar\/agroindustria\/wp-json\/wp\/v2\/types\/product"}],"wp:featuredmedia":[{"embeddable":true,"href":"https:\/\/rotoplas.com.ar\/agroindustria\/wp-json\/wp\/v2\/media\/696"}],"wp:attachment":[{"href":"https:\/\/rotoplas.com.ar\/agroindustria\/wp-json\/wp\/v2\/media?parent=22"}],"wp:term":[{"taxonomy":"product_brand","embeddable":true,"href":"https:\/\/rotoplas.com.ar\/agroindustria\/wp-json\/wp\/v2\/product_brand?post=22"},{"taxonomy":"product_cat","embeddable":true,"href":"https:\/\/rotoplas.com.ar\/agroindustria\/wp-json\/wp\/v2\/product_cat?post=22"},{"taxonomy":"product_tag","embeddable":true,"href":"https:\/\/rotoplas.com.ar\/agroindustria\/wp-json\/wp\/v2\/product_tag?post=22"}],"curies":[{"name":"wp","href":"https:\/\/api.w.org\/{rel}","templated":true}]}}