{"id":5,"date":"2020-01-28T17:16:29","date_gmt":"2020-01-28T17:16:29","guid":{"rendered":"http:\/\/10.10.12.242\/agroindustria\/?page_id=5"},"modified":"2021-03-23T19:54:25","modified_gmt":"2021-03-23T13:54:25","slug":"producto","status":"publish","type":"page","link":"https:\/\/rotoplas.com.ar\/agroindustria\/producto\/","title":{"rendered":"Productos"},"content":{"rendered":"","protected":false},"excerpt":{"rendered":"","protected":false},"author":1,"featured_media":0,"parent":0,"menu_order":0,"comment_status":"closed","ping_status":"closed","template":"","meta":{"footnotes":""},"class_list":["post-5","page","type-page","status-publish","hentry"],"yoast_head":"<!-- This site is optimized with the Yoast SEO plugin v27.2 - https:\/\/yoast.com\/product\/yoast-seo-wordpress\/ -->\n<title>Tanques de Agua | Rotoplas Agroindustria<\/title>\n<meta name=\"description\" content=\"Explor\u00e1 nuestros productos y encontr\u00e1 tanques de agua de calidad con stock inmediato! Informaci\u00f3n t\u00e9cnica y caracter\u00edsticas de cada uno.\" \/>\n<meta name=\"robots\" content=\"index, follow, max-snippet:-1, max-image-preview:large, max-video-preview:-1\" \/>\n<link rel=\"canonical\" href=\"https:\/\/rotoplas.com.ar\/agroindustria\/producto\/\" \/>\n<meta property=\"og:locale\" content=\"es_ES\" \/>\n<meta property=\"og:type\" content=\"article\" \/>\n<meta property=\"og:title\" content=\"Tanques de Agua | Rotoplas Agroindustria\" \/>\n<meta property=\"og:description\" content=\"Explor\u00e1 nuestros productos y encontr\u00e1 tanques de agua de calidad con stock inmediato! Informaci\u00f3n t\u00e9cnica y caracter\u00edsticas de cada uno.\" \/>\n<meta property=\"og:url\" content=\"https:\/\/rotoplas.com.ar\/agroindustria\/producto\/\" \/>\n<meta property=\"og:site_name\" content=\"Rotoplas Agroindustria\" \/>\n<meta property=\"article:modified_time\" content=\"2021-03-23T13:54:25+00:00\" \/>\n<meta name=\"twitter:card\" content=\"summary_large_image\" \/>\n<script type=\"application\/ld+json\" class=\"yoast-schema-graph\">{\"@context\":\"https:\/\/schema.org\",\"@graph\":[{\"@type\":\"WebPage\",\"@id\":\"https:\/\/rotoplas.com.ar\/agroindustria\/producto\/\",\"url\":\"https:\/\/rotoplas.com.ar\/agroindustria\/producto\/\",\"name\":\"Tanques de Agua | Rotoplas Agroindustria\",\"isPartOf\":{\"@id\":\"https:\/\/rotoplas.com.ar\/agroindustria\/#website\"},\"datePublished\":\"2020-01-28T17:16:29+00:00\",\"dateModified\":\"2021-03-23T13:54:25+00:00\",\"description\":\"Explor\u00e1 nuestros productos y encontr\u00e1 tanques de agua de calidad con stock inmediato! Informaci\u00f3n t\u00e9cnica y caracter\u00edsticas de cada uno.\",\"breadcrumb\":{\"@id\":\"https:\/\/rotoplas.com.ar\/agroindustria\/producto\/#breadcrumb\"},\"inLanguage\":\"es\",\"potentialAction\":[{\"@type\":\"ReadAction\",\"target\":[\"https:\/\/rotoplas.com.ar\/agroindustria\/producto\/\"]}]},{\"@type\":\"BreadcrumbList\",\"@id\":\"https:\/\/rotoplas.com.ar\/agroindustria\/producto\/#breadcrumb\",\"itemListElement\":[{\"@type\":\"ListItem\",\"position\":1,\"name\":\"Portada\",\"item\":\"https:\/\/rotoplas.com.ar\/agroindustria\/\"},{\"@type\":\"ListItem\",\"position\":2,\"name\":\"Productos\"}]},{\"@type\":\"WebSite\",\"@id\":\"https:\/\/rotoplas.com.ar\/agroindustria\/#website\",\"url\":\"https:\/\/rotoplas.com.ar\/agroindustria\/\",\"name\":\"Rotoplas Agroindustria\",\"description\":\"Expertos en soluciones de almacenamiento de fluidos para la Agroindustria\",\"publisher\":{\"@id\":\"https:\/\/rotoplas.com.ar\/agroindustria\/#organization\"},\"potentialAction\":[{\"@type\":\"SearchAction\",\"target\":{\"@type\":\"EntryPoint\",\"urlTemplate\":\"https:\/\/rotoplas.com.ar\/agroindustria\/?s={search_term_string}\"},\"query-input\":{\"@type\":\"PropertyValueSpecification\",\"valueRequired\":true,\"valueName\":\"search_term_string\"}}],\"inLanguage\":\"es\"},{\"@type\":\"Organization\",\"@id\":\"https:\/\/rotoplas.com.ar\/agroindustria\/#organization\",\"name\":\"Rotoplas\",\"url\":\"https:\/\/rotoplas.com.ar\/agroindustria\/\",\"logo\":{\"@type\":\"ImageObject\",\"inLanguage\":\"es\",\"@id\":\"https:\/\/rotoplas.com.ar\/agroindustria\/#\/schema\/logo\/image\/\",\"url\":\"http:\/\/10.10.12.242\/agroindustria\/wp-content\/uploads\/2021\/04\/00-Los_mejores_tanques_segun_tus_necesidades-1.jpg\",\"contentUrl\":\"http:\/\/10.10.12.242\/agroindustria\/wp-content\/uploads\/2021\/04\/00-Los_mejores_tanques_segun_tus_necesidades-1.jpg\",\"width\":1200,\"height\":700,\"caption\":\"Rotoplas\"},\"image\":{\"@id\":\"https:\/\/rotoplas.com.ar\/agroindustria\/#\/schema\/logo\/image\/\"}}]}<\/script>\n<!-- \/ Yoast SEO plugin. -->","yoast_head_json":{"title":"Tanques de Agua | Rotoplas Agroindustria","description":"Explor\u00e1 nuestros productos y encontr\u00e1 tanques de agua de calidad con stock inmediato! Informaci\u00f3n t\u00e9cnica y caracter\u00edsticas de cada uno.","robots":{"index":"index","follow":"follow","max-snippet":"max-snippet:-1","max-image-preview":"max-image-preview:large","max-video-preview":"max-video-preview:-1"},"canonical":"https:\/\/rotoplas.com.ar\/agroindustria\/producto\/","og_locale":"es_ES","og_type":"article","og_title":"Tanques de Agua | Rotoplas Agroindustria","og_description":"Explor\u00e1 nuestros productos y encontr\u00e1 tanques de agua de calidad con stock inmediato! Informaci\u00f3n t\u00e9cnica y caracter\u00edsticas de cada uno.","og_url":"https:\/\/rotoplas.com.ar\/agroindustria\/producto\/","og_site_name":"Rotoplas Agroindustria","article_modified_time":"2021-03-23T13:54:25+00:00","twitter_card":"summary_large_image","schema":{"@context":"https:\/\/schema.org","@graph":[{"@type":"WebPage","@id":"https:\/\/rotoplas.com.ar\/agroindustria\/producto\/","url":"https:\/\/rotoplas.com.ar\/agroindustria\/producto\/","name":"Tanques de Agua | Rotoplas Agroindustria","isPartOf":{"@id":"https:\/\/rotoplas.com.ar\/agroindustria\/#website"},"datePublished":"2020-01-28T17:16:29+00:00","dateModified":"2021-03-23T13:54:25+00:00","description":"Explor\u00e1 nuestros productos y encontr\u00e1 tanques de agua de calidad con stock inmediato! Informaci\u00f3n t\u00e9cnica y caracter\u00edsticas de cada uno.","breadcrumb":{"@id":"https:\/\/rotoplas.com.ar\/agroindustria\/producto\/#breadcrumb"},"inLanguage":"es","potentialAction":[{"@type":"ReadAction","target":["https:\/\/rotoplas.com.ar\/agroindustria\/producto\/"]}]},{"@type":"BreadcrumbList","@id":"https:\/\/rotoplas.com.ar\/agroindustria\/producto\/#breadcrumb","itemListElement":[{"@type":"ListItem","position":1,"name":"Portada","item":"https:\/\/rotoplas.com.ar\/agroindustria\/"},{"@type":"ListItem","position":2,"name":"Productos"}]},{"@type":"WebSite","@id":"https:\/\/rotoplas.com.ar\/agroindustria\/#website","url":"https:\/\/rotoplas.com.ar\/agroindustria\/","name":"Rotoplas Agroindustria","description":"Expertos en soluciones de almacenamiento de fluidos para la Agroindustria","publisher":{"@id":"https:\/\/rotoplas.com.ar\/agroindustria\/#organization"},"potentialAction":[{"@type":"SearchAction","target":{"@type":"EntryPoint","urlTemplate":"https:\/\/rotoplas.com.ar\/agroindustria\/?s={search_term_string}"},"query-input":{"@type":"PropertyValueSpecification","valueRequired":true,"valueName":"search_term_string"}}],"inLanguage":"es"},{"@type":"Organization","@id":"https:\/\/rotoplas.com.ar\/agroindustria\/#organization","name":"Rotoplas","url":"https:\/\/rotoplas.com.ar\/agroindustria\/","logo":{"@type":"ImageObject","inLanguage":"es","@id":"https:\/\/rotoplas.com.ar\/agroindustria\/#\/schema\/logo\/image\/","url":"http:\/\/10.10.12.242\/agroindustria\/wp-content\/uploads\/2021\/04\/00-Los_mejores_tanques_segun_tus_necesidades-1.jpg","contentUrl":"http:\/\/10.10.12.242\/agroindustria\/wp-content\/uploads\/2021\/04\/00-Los_mejores_tanques_segun_tus_necesidades-1.jpg","width":1200,"height":700,"caption":"Rotoplas"},"image":{"@id":"https:\/\/rotoplas.com.ar\/agroindustria\/#\/schema\/logo\/image\/"}}]}},"_links":{"self":[{"href":"https:\/\/rotoplas.com.ar\/agroindustria\/wp-json\/wp\/v2\/pages\/5","targetHints":{"allow":["GET"]}}],"collection":[{"href":"https:\/\/rotoplas.com.ar\/agroindustria\/wp-json\/wp\/v2\/pages"}],"about":[{"href":"https:\/\/rotoplas.com.ar\/agroindustria\/wp-json\/wp\/v2\/types\/page"}],"author":[{"embeddable":true,"href":"https:\/\/rotoplas.com.ar\/agroindustria\/wp-json\/wp\/v2\/users\/1"}],"replies":[{"embeddable":true,"href":"https:\/\/rotoplas.com.ar\/agroindustria\/wp-json\/wp\/v2\/comments?post=5"}],"version-history":[{"count":2,"href":"https:\/\/rotoplas.com.ar\/agroindustria\/wp-json\/wp\/v2\/pages\/5\/revisions"}],"predecessor-version":[{"id":9,"href":"https:\/\/rotoplas.com.ar\/agroindustria\/wp-json\/wp\/v2\/pages\/5\/revisions\/9"}],"wp:attachment":[{"href":"https:\/\/rotoplas.com.ar\/agroindustria\/wp-json\/wp\/v2\/media?parent=5"}],"curies":[{"name":"wp","href":"https:\/\/api.w.org\/{rel}","templated":true}]}}