{"id":29,"date":"2020-01-30T17:18:19","date_gmt":"2020-01-30T17:18:19","guid":{"rendered":"http:\/\/10.10.12.242\/agroindustria\/?page_id=29"},"modified":"2021-03-23T19:56:35","modified_gmt":"2021-03-23T13:56:35","slug":"nosotros","status":"publish","type":"page","link":"https:\/\/rotoplas.com.ar\/agroindustria\/nosotros\/","title":{"rendered":"Nosotros"},"content":{"rendered":"","protected":false},"excerpt":{"rendered":"","protected":false},"author":1,"featured_media":0,"parent":0,"menu_order":0,"comment_status":"closed","ping_status":"closed","template":"","meta":{"footnotes":""},"class_list":["post-29","page","type-page","status-publish","hentry"],"yoast_head":"<!-- This site is optimized with the Yoast SEO plugin v27.2 - https:\/\/yoast.com\/product\/yoast-seo-wordpress\/ -->\n<title>Qui\u00e9nes somos | Rotoplas Agroindustria<\/title>\n<meta name=\"description\" content=\"En Argentina hace 20 a\u00f1os desarrollando e innovando sistemas agroindustriales de la m\u00e1s alta calidad de servicio.\" \/>\n<meta name=\"robots\" content=\"index, follow, max-snippet:-1, max-image-preview:large, max-video-preview:-1\" \/>\n<link rel=\"canonical\" href=\"https:\/\/rotoplas.com.ar\/agroindustria\/nosotros\/\" \/>\n<meta property=\"og:locale\" content=\"es_ES\" \/>\n<meta property=\"og:type\" content=\"article\" \/>\n<meta property=\"og:title\" content=\"Qui\u00e9nes somos | Rotoplas Agroindustria\" \/>\n<meta property=\"og:description\" content=\"En Argentina hace 20 a\u00f1os desarrollando e innovando sistemas agroindustriales de la m\u00e1s alta calidad de servicio.\" \/>\n<meta property=\"og:url\" content=\"https:\/\/rotoplas.com.ar\/agroindustria\/nosotros\/\" \/>\n<meta property=\"og:site_name\" content=\"Rotoplas Agroindustria\" \/>\n<meta property=\"article:modified_time\" content=\"2021-03-23T13:56:35+00:00\" \/>\n<meta name=\"twitter:card\" content=\"summary_large_image\" \/>\n<script type=\"application\/ld+json\" class=\"yoast-schema-graph\">{\"@context\":\"https:\/\/schema.org\",\"@graph\":[{\"@type\":\"WebPage\",\"@id\":\"https:\/\/rotoplas.com.ar\/agroindustria\/nosotros\/\",\"url\":\"https:\/\/rotoplas.com.ar\/agroindustria\/nosotros\/\",\"name\":\"Qui\u00e9nes somos | Rotoplas Agroindustria\",\"isPartOf\":{\"@id\":\"https:\/\/rotoplas.com.ar\/agroindustria\/#website\"},\"datePublished\":\"2020-01-30T17:18:19+00:00\",\"dateModified\":\"2021-03-23T13:56:35+00:00\",\"description\":\"En Argentina hace 20 a\u00f1os desarrollando e innovando sistemas agroindustriales de la m\u00e1s alta calidad de servicio.\",\"breadcrumb\":{\"@id\":\"https:\/\/rotoplas.com.ar\/agroindustria\/nosotros\/#breadcrumb\"},\"inLanguage\":\"es\",\"potentialAction\":[{\"@type\":\"ReadAction\",\"target\":[\"https:\/\/rotoplas.com.ar\/agroindustria\/nosotros\/\"]}]},{\"@type\":\"BreadcrumbList\",\"@id\":\"https:\/\/rotoplas.com.ar\/agroindustria\/nosotros\/#breadcrumb\",\"itemListElement\":[{\"@type\":\"ListItem\",\"position\":1,\"name\":\"Portada\",\"item\":\"https:\/\/rotoplas.com.ar\/agroindustria\/\"},{\"@type\":\"ListItem\",\"position\":2,\"name\":\"Nosotros\"}]},{\"@type\":\"WebSite\",\"@id\":\"https:\/\/rotoplas.com.ar\/agroindustria\/#website\",\"url\":\"https:\/\/rotoplas.com.ar\/agroindustria\/\",\"name\":\"Rotoplas Agroindustria\",\"description\":\"Expertos en soluciones de almacenamiento de fluidos para la Agroindustria\",\"publisher\":{\"@id\":\"https:\/\/rotoplas.com.ar\/agroindustria\/#organization\"},\"potentialAction\":[{\"@type\":\"SearchAction\",\"target\":{\"@type\":\"EntryPoint\",\"urlTemplate\":\"https:\/\/rotoplas.com.ar\/agroindustria\/?s={search_term_string}\"},\"query-input\":{\"@type\":\"PropertyValueSpecification\",\"valueRequired\":true,\"valueName\":\"search_term_string\"}}],\"inLanguage\":\"es\"},{\"@type\":\"Organization\",\"@id\":\"https:\/\/rotoplas.com.ar\/agroindustria\/#organization\",\"name\":\"Rotoplas\",\"url\":\"https:\/\/rotoplas.com.ar\/agroindustria\/\",\"logo\":{\"@type\":\"ImageObject\",\"inLanguage\":\"es\",\"@id\":\"https:\/\/rotoplas.com.ar\/agroindustria\/#\/schema\/logo\/image\/\",\"url\":\"http:\/\/10.10.12.242\/agroindustria\/wp-content\/uploads\/2021\/04\/00-Los_mejores_tanques_segun_tus_necesidades-1.jpg\",\"contentUrl\":\"http:\/\/10.10.12.242\/agroindustria\/wp-content\/uploads\/2021\/04\/00-Los_mejores_tanques_segun_tus_necesidades-1.jpg\",\"width\":1200,\"height\":700,\"caption\":\"Rotoplas\"},\"image\":{\"@id\":\"https:\/\/rotoplas.com.ar\/agroindustria\/#\/schema\/logo\/image\/\"}}]}<\/script>\n<!-- \/ Yoast SEO plugin. -->","yoast_head_json":{"title":"Qui\u00e9nes somos | Rotoplas Agroindustria","description":"En Argentina hace 20 a\u00f1os desarrollando e innovando sistemas agroindustriales de la m\u00e1s alta calidad de servicio.","robots":{"index":"index","follow":"follow","max-snippet":"max-snippet:-1","max-image-preview":"max-image-preview:large","max-video-preview":"max-video-preview:-1"},"canonical":"https:\/\/rotoplas.com.ar\/agroindustria\/nosotros\/","og_locale":"es_ES","og_type":"article","og_title":"Qui\u00e9nes somos | Rotoplas Agroindustria","og_description":"En Argentina hace 20 a\u00f1os desarrollando e innovando sistemas agroindustriales de la m\u00e1s alta calidad de servicio.","og_url":"https:\/\/rotoplas.com.ar\/agroindustria\/nosotros\/","og_site_name":"Rotoplas Agroindustria","article_modified_time":"2021-03-23T13:56:35+00:00","twitter_card":"summary_large_image","schema":{"@context":"https:\/\/schema.org","@graph":[{"@type":"WebPage","@id":"https:\/\/rotoplas.com.ar\/agroindustria\/nosotros\/","url":"https:\/\/rotoplas.com.ar\/agroindustria\/nosotros\/","name":"Qui\u00e9nes somos | Rotoplas Agroindustria","isPartOf":{"@id":"https:\/\/rotoplas.com.ar\/agroindustria\/#website"},"datePublished":"2020-01-30T17:18:19+00:00","dateModified":"2021-03-23T13:56:35+00:00","description":"En Argentina hace 20 a\u00f1os desarrollando e innovando sistemas agroindustriales de la m\u00e1s alta calidad de servicio.","breadcrumb":{"@id":"https:\/\/rotoplas.com.ar\/agroindustria\/nosotros\/#breadcrumb"},"inLanguage":"es","potentialAction":[{"@type":"ReadAction","target":["https:\/\/rotoplas.com.ar\/agroindustria\/nosotros\/"]}]},{"@type":"BreadcrumbList","@id":"https:\/\/rotoplas.com.ar\/agroindustria\/nosotros\/#breadcrumb","itemListElement":[{"@type":"ListItem","position":1,"name":"Portada","item":"https:\/\/rotoplas.com.ar\/agroindustria\/"},{"@type":"ListItem","position":2,"name":"Nosotros"}]},{"@type":"WebSite","@id":"https:\/\/rotoplas.com.ar\/agroindustria\/#website","url":"https:\/\/rotoplas.com.ar\/agroindustria\/","name":"Rotoplas Agroindustria","description":"Expertos en soluciones de almacenamiento de fluidos para la Agroindustria","publisher":{"@id":"https:\/\/rotoplas.com.ar\/agroindustria\/#organization"},"potentialAction":[{"@type":"SearchAction","target":{"@type":"EntryPoint","urlTemplate":"https:\/\/rotoplas.com.ar\/agroindustria\/?s={search_term_string}"},"query-input":{"@type":"PropertyValueSpecification","valueRequired":true,"valueName":"search_term_string"}}],"inLanguage":"es"},{"@type":"Organization","@id":"https:\/\/rotoplas.com.ar\/agroindustria\/#organization","name":"Rotoplas","url":"https:\/\/rotoplas.com.ar\/agroindustria\/","logo":{"@type":"ImageObject","inLanguage":"es","@id":"https:\/\/rotoplas.com.ar\/agroindustria\/#\/schema\/logo\/image\/","url":"http:\/\/10.10.12.242\/agroindustria\/wp-content\/uploads\/2021\/04\/00-Los_mejores_tanques_segun_tus_necesidades-1.jpg","contentUrl":"http:\/\/10.10.12.242\/agroindustria\/wp-content\/uploads\/2021\/04\/00-Los_mejores_tanques_segun_tus_necesidades-1.jpg","width":1200,"height":700,"caption":"Rotoplas"},"image":{"@id":"https:\/\/rotoplas.com.ar\/agroindustria\/#\/schema\/logo\/image\/"}}]}},"_links":{"self":[{"href":"https:\/\/rotoplas.com.ar\/agroindustria\/wp-json\/wp\/v2\/pages\/29","targetHints":{"allow":["GET"]}}],"collection":[{"href":"https:\/\/rotoplas.com.ar\/agroindustria\/wp-json\/wp\/v2\/pages"}],"about":[{"href":"https:\/\/rotoplas.com.ar\/agroindustria\/wp-json\/wp\/v2\/types\/page"}],"author":[{"embeddable":true,"href":"https:\/\/rotoplas.com.ar\/agroindustria\/wp-json\/wp\/v2\/users\/1"}],"replies":[{"embeddable":true,"href":"https:\/\/rotoplas.com.ar\/agroindustria\/wp-json\/wp\/v2\/comments?post=29"}],"version-history":[{"count":1,"href":"https:\/\/rotoplas.com.ar\/agroindustria\/wp-json\/wp\/v2\/pages\/29\/revisions"}],"predecessor-version":[{"id":30,"href":"https:\/\/rotoplas.com.ar\/agroindustria\/wp-json\/wp\/v2\/pages\/29\/revisions\/30"}],"wp:attachment":[{"href":"https:\/\/rotoplas.com.ar\/agroindustria\/wp-json\/wp\/v2\/media?parent=29"}],"curies":[{"name":"wp","href":"https:\/\/api.w.org\/{rel}","templated":true}]}}